{"id":152,"date":"2012-10-23T13:18:27","date_gmt":"2012-10-23T11:18:27","guid":{"rendered":"http:\/\/westmagazin.de\/?page_id=152"},"modified":"2014-09-05T12:52:28","modified_gmt":"2014-09-05T10:52:28","slug":"bereitschaftsdienste","status":"publish","type":"page","link":"http:\/\/westmagazin.de\/?page_id=152","title":{"rendered":"Bereitschaftsdienste"},"content":{"rendered":"<p><strong>Zentraler Bereitschaftsdienst f\u00fcr die Stadtteile<\/strong><\/p>\n<p><span style=\"color: #ff0000;\"><strong>Gersweiler &#8211; Klarenthal<\/strong><\/span><br \/>\nBereitschaftsdienstpraxis in der SHG-Klinik V\u00f6lklingen<br \/>\nRichardstra\u00dfe (Haupteingang \u00fcber Pasteurstr.)<br \/>\nMit \u00f6ffentlichen Verkehrsmitteln (Bus) ist die Bereitschaftsdienstpraxis in den neuen R\u00e4umen mit der Linie 183 bis Zielhaltestelle \u201eEingang SHG-Kliniken\u201c erreichbar.<\/p>\n<div>\n<p><strong>SOS-TAXI:<\/strong><br \/>\nTel.: (01805) 66.30.05<br \/>\n(14 Cent in der Min.\/Festnetz)<\/p>\n<\/div>\n<p><strong>Zentraler Bereitschaftsdienst f\u00fcr die Stadtteile<\/strong><span style=\"color: #ff0000;\"><strong><br \/>\nMalstatt &#8211; Burbach<\/strong><\/span><\/p>\n<p><strong>Evang. Krankenhaus Saarbr\u00fccken<\/strong><br \/>\nGro\u00dfherzog-Friedrich-Stra\u00dfe 44,Telefon (0681) 3.88.67.00<br \/>\noder <strong>Caritasklinik \u201eSt. Theresia\u201c Rastpfuhl<\/strong><br \/>\nRheinstra\u00dfe 2, Telefon (0681) 4.06.12.34<\/p>\n<p><strong>Bei Lebensgefahr rufen Sie bitte<br \/>\ndirekt den <\/strong><span style=\"color: #ff0000;\"><strong>Notarzt <\/strong><\/span><strong>\u00fcber die <\/strong><span style=\"color: #ff0000;\"><strong>Rettungsleitstelle<\/strong><strong><br \/>\n(0681) 1.92.22 <\/strong><\/span><strong><span style=\"color: #ff0000;\">oder 112<\/span>.<\/strong><br \/>\nNotdienstpraxis des Stadtverbandes<br \/>\nim <span style=\"color: #ff0000;\"><strong>Klinikum Saarbr\u00fccken Winterberg, Tel.: (0681) 9.63.30.0<\/strong><\/span><\/p>\n","protected":false},"excerpt":{"rendered":"<p>Zentraler Bereitschaftsdienst f\u00fcr die Stadtteile Gersweiler &#8211; Klarenthal Bereitschaftsdienstpraxis in der SHG-Klinik V\u00f6lklingen Richardstra\u00dfe (Haupteingang \u00fcber Pasteurstr.) Mit \u00f6ffentlichen Verkehrsmitteln (Bus) ist die Bereitschaftsdienstpraxis in den neuen R\u00e4umen mit der Linie 183 bis Zielhaltestelle \u201eEingang SHG-Kliniken\u201c erreichbar. SOS-TAXI: Tel.: (01805) &hellip; <a href=\"http:\/\/westmagazin.de\/?page_id=152\">Weiterlesen <span class=\"meta-nav\">&rarr;<\/span><\/a><\/p>\n","protected":false},"author":2,"featured_media":0,"parent":0,"menu_order":0,"comment_status":"closed","ping_status":"closed","template":"","meta":{"footnotes":""},"class_list":["post-152","page","type-page","status-publish","hentry"],"_links":{"self":[{"href":"http:\/\/westmagazin.de\/index.php?rest_route=\/wp\/v2\/pages\/152","targetHints":{"allow":["GET"]}}],"collection":[{"href":"http:\/\/westmagazin.de\/index.php?rest_route=\/wp\/v2\/pages"}],"about":[{"href":"http:\/\/westmagazin.de\/index.php?rest_route=\/wp\/v2\/types\/page"}],"author":[{"embeddable":true,"href":"http:\/\/westmagazin.de\/index.php?rest_route=\/wp\/v2\/users\/2"}],"replies":[{"embeddable":true,"href":"http:\/\/westmagazin.de\/index.php?rest_route=%2Fwp%2Fv2%2Fcomments&post=152"}],"version-history":[{"count":8,"href":"http:\/\/westmagazin.de\/index.php?rest_route=\/wp\/v2\/pages\/152\/revisions"}],"predecessor-version":[{"id":223,"href":"http:\/\/westmagazin.de\/index.php?rest_route=\/wp\/v2\/pages\/152\/revisions\/223"}],"wp:attachment":[{"href":"http:\/\/westmagazin.de\/index.php?rest_route=%2Fwp%2Fv2%2Fmedia&parent=152"}],"curies":[{"name":"wp","href":"https:\/\/api.w.org\/{rel}","templated":true}]}}